{"id":596,"date":"2021-03-18T22:22:10","date_gmt":"2021-03-18T21:22:10","guid":{"rendered":"http:\/\/www.chorseite.de\/?page_id=596"},"modified":"2021-03-18T22:22:11","modified_gmt":"2021-03-18T21:22:11","slug":"chorleiterbrief-2020_2","status":"publish","type":"page","link":"https:\/\/www.chorseite.de\/?page_id=596","title":{"rendered":"Chorleiterbrief 2020_2"},"content":{"rendered":"\n<p>Liebe Chorleiter,<br>&#8222;Schon S\u00e4uglingen und kleinen Kindern hast du dein Lob in den Mund gelegt, damit sie deine Macht bezeugen.&#8220; Ps. 8\/3<br>Gottes Macht muss gewaltig sein, das lehrt uns jedenfalls seit dem 24.05. unsere kleine Lisbeth \ud83d\ude09 Ihr Stimmtraining erinnert mich immer wieder, wie herrlich es ist, Gott gemeinsam im Chor zu loben!<br>Einen sonnigen Gru\u00df aus G\u00f6rlitz sende ich euch, liebe Chorleiter! Und damit verbunden ein paar Einladungen zu musikalischen Angeboten und Informationen zur Musikarbeit im SLV.<br><strong>Gesangsworkshop mit Eva-Karen Becker am 14. November | 10:00 &#8211; 18:00<\/strong><br>Da ich selbst kurzzeitig bei Eva-Karen Becker Gesangsunterricht hatte, kann ich diesen Workshop nur w\u00e4rmstens empfehlen. Sie hat eine unglaubliche Ausstrahlung und kann Gesangstechniken super erkl\u00e4ren und vermitteln.<br>Hier der Link zu weiteren Infos und Anmeldung: <a rel=\"noreferrer noopener\" href=\"https:\/\/www.lkgsachsen-mitmachen.de\/termin\/workshop-gesang\/\" target=\"_blank\">https:\/\/www.lkgsachsen-mitmachen.de\/termin\/workshop-gesang\/<\/a><br><strong>Musikcamp vom 18. &#8211; 25.10.2020<\/strong><br>Auch hier kann ich aus eigener Erfahrung berichten, dass diese Freizeit absolut empfehlenswert ist &#8211; besonders f\u00fcr die Z\u00f6glinge eurer Gemeinden. Sie werden fit gemacht, um in der Gemeinde musikalisch aktiv zu werden, Lieder zu begleiten und Lobpreis zu gestalten.<br>Hier der Link: <a rel=\"noreferrer noopener\" href=\"https:\/\/www.erf.de\/index.php?node=48&amp;range=detailDataset&amp;record=24605\" target=\"_blank\">https:\/\/www.erf.de\/index.php?node=48&amp;range=detailDataset&amp;record=24605<\/a>Anbei das Anmeldeformular, welches ausgef\u00fcllt an mich zu schicken ist (Gr\u00fcner Graben 9, 02826 G\u00f6rlitz)<br>Sch\u00f6n f\u00e4nde ich bei alledem, wenn ihr als Gemeinden (werdende) Mitarbeiter konkret daf\u00fcr ansprecht und ggf. auch Teilbetr\u00e4ge der Freizeitkosten als Gemeinde tragt. In den letzten Jahren hat sich dieses Prinzip als sehr fruchtbar f\u00fcr die Gemeinden erwiesen.<br><strong>Musikalische Arbeit im SLV<\/strong><br>Hierzu kann ich nur verraten, dass sehr konkrete Handlungspl\u00e4ne f\u00fcr die Chorarbeit und insgesamt musikalische Arbeit entwickelt werden. Es haben fruchtbare Gespr\u00e4che der Musikreferenten mit dem Vorstand stattgefunden, zu denen ich teilweise dabei war. Die Ergebnisse lassen mich pers\u00f6nlich positiv gestimmt sein.<br>Wenn die Pl\u00e4ne spruchreif sind, werdet ihr hierzu vom Arbeitskreis Musikarbeit informiert.<br>Beten wir also weiter, dass diese positive Entwicklung gut vorangeht.<br><\/p>\n\n\n\n<p>Es gr\u00fc\u00dft euch herzlich,<br>eure Friederike<\/p>\n","protected":false},"excerpt":{"rendered":"<p>Liebe Chorleiter,&#8222;Schon S\u00e4uglingen und kleinen Kindern hast du dein Lob in den Mund gelegt, damit sie deine Macht bezeugen.&#8220; Ps. 8\/3Gottes Macht muss gewaltig sein, das lehrt uns jedenfalls seit dem 24.05. unsere kleine Lisbeth \ud83d\ude09 Ihr Stimmtraining erinnert mich immer wieder, wie herrlich es ist, Gott gemeinsam im Chor zu loben!Einen sonnigen Gru\u00df aus [&hellip;]<\/p>\n","protected":false},"author":178,"featured_media":0,"parent":21,"menu_order":0,"comment_status":"closed","ping_status":"closed","template":"","meta":[],"_links":{"self":[{"href":"https:\/\/www.chorseite.de\/index.php?rest_route=\/wp\/v2\/pages\/596"}],"collection":[{"href":"https:\/\/www.chorseite.de\/index.php?rest_route=\/wp\/v2\/pages"}],"about":[{"href":"https:\/\/www.chorseite.de\/index.php?rest_route=\/wp\/v2\/types\/page"}],"author":[{"embeddable":true,"href":"https:\/\/www.chorseite.de\/index.php?rest_route=\/wp\/v2\/users\/178"}],"replies":[{"embeddable":true,"href":"https:\/\/www.chorseite.de\/index.php?rest_route=%2Fwp%2Fv2%2Fcomments&post=596"}],"version-history":[{"count":1,"href":"https:\/\/www.chorseite.de\/index.php?rest_route=\/wp\/v2\/pages\/596\/revisions"}],"predecessor-version":[{"id":597,"href":"https:\/\/www.chorseite.de\/index.php?rest_route=\/wp\/v2\/pages\/596\/revisions\/597"}],"up":[{"embeddable":true,"href":"https:\/\/www.chorseite.de\/index.php?rest_route=\/wp\/v2\/pages\/21"}],"wp:attachment":[{"href":"https:\/\/www.chorseite.de\/index.php?rest_route=%2Fwp%2Fv2%2Fmedia&parent=596"}],"curies":[{"name":"wp","href":"https:\/\/api.w.org\/{rel}","templated":true}]}}