{"id":588,"date":"2020-01-24T22:04:00","date_gmt":"2020-01-24T21:04:00","guid":{"rendered":"http:\/\/www.chorseite.de\/?page_id=588"},"modified":"2021-03-18T22:20:13","modified_gmt":"2021-03-18T21:20:13","slug":"chorleiterbrief-2020","status":"publish","type":"page","link":"https:\/\/www.chorseite.de\/?page_id=588","title":{"rendered":"Chorleiterbrief 2020_1"},"content":{"rendered":"\n<p>Liebe Chorleiter,<br>zun\u00e4chst m\u00f6chte ich euch gr\u00fc\u00dfen mit der <strong>Jahreslosung<\/strong>: &#8222;Ich glaube, hilf meinem Unglauben&#8220;. Mk. 9,14<br>Es gibt viele Entwicklungen, wo mir der Glaube im Hals stecken bleibt. Doch welch gro\u00dfe Ermutigung ist es, dass dies f\u00fcr Gott kein Hinderungsgrund ist, uns zu begegnen. In dieser Begegnung mit ihm erquickt er uns und beschenkt uns mit der F\u00e4higkeit, ihm zu vertrauen.Das brauchen wir auch in der Chorarbeit. Der Chor wird kleiner, meine Kraft schwindet, &#8230; Doch, Freunde, es ist nicht unser Werk! Gott baut sein Reich und m\u00f6chte uns gebrauchen &#8211; auch mit unserem kleinen Glauben und unserer kleinen Kraft.<\/p>\n\n\n\n<p>Mit dieser Mail erhaltet ihr ein kleines Update zur Chorarbeit. Entschuldigt die Verz\u00f6gerung!In diesem Jahr wird es etwas anders laufen, als zuvor.<br>Die <strong>Chorleitertage <\/strong>in den verschiedenen R\u00fcstkreisen werden weder von Thomas noch von mir geleitet. Ihr d\u00fcrft euch gern selbstst\u00e4ndig treffen und \u00fcber Aktuelles und Literaturempfehlungen in Austausch gehen. Das lege ich euch sogar sehr ans Herz!<br>Um die Bedarf an geeigneten <strong>Noten <\/strong>zu decken, schicke ich euch einige Empfehlungen in dieser Mail. Da es keine neuen SG-Noten gibt, kann es vorkommen, dass ihr den ein oder anderen Taler investieren m\u00fcsst, um an neue Noten zu gelangen.<\/p>\n\n\n\n<p><br>&#8211; <a rel=\"noreferrer noopener\" href=\"https:\/\/www.scm-shop.de\/glaube-hoffnung-liebe-das-liederbuch.html\" target=\"_blank\">Liederschatz-Projekt<\/a>: in diesem Heft findet ihr alte Chor\u00e4le neu aufgearbeitet. Gerade f\u00fcr den Gemeindekontext ein Gewinn. Ich habe schon einige Lieder daraus mit Chor\/ Band\/ Begleitung gemacht. Es gibt auch schon einige Erweiterungen dieses Projektes (s. H\u00e4nssler).<br>&#8211; <a rel=\"noreferrer noopener\" href=\"https:\/\/youtu.be\/u7sD5B36Q38\" target=\"_blank\">Dein Glaube reicht<\/a> &#8211; Noten im Anhang und kostenlos nutzbar\/kopierbar<br>&#8211; <a rel=\"noreferrer noopener\" href=\"https:\/\/youtu.be\/BpeTWz9fbws\" target=\"_blank\">Ich glaube, hilf meinen Unglauben<\/a>&nbsp; &#8211; f\u00fcr Ch\u00f6re &#8211; Noten im Anhang und kostenlos nutzbar\/kopierbar<br>&#8211; <a rel=\"noreferrer noopener\" href=\"https:\/\/www.gerth.de\/index.php?id=details&amp;sku=L504006\" target=\"_blank\">Dein Herz erschrecke nicht<\/a> &#8211; reinh\u00f6ren kann man <a rel=\"noreferrer noopener\" href=\"https:\/\/www.gerth.de\/index.php?id=details&amp;sku=AF41400493\" target=\"_blank\">hier<\/a> &#8211; wundersch\u00f6nes Lied! <br>&#8211; Bei dir Jesu &#8211; Ninive 153: Noten gibt es <a rel=\"noreferrer noopener\" href=\"https:\/\/www.verlag-singende-gemeinde.de\/noten\/ninive-153.html\" target=\"_blank\">hier<\/a> &#8211; soll sehr sch\u00f6n sein \ud83d\ude42 M\u00fcsst euch die Noten nur etwas zurechtbasteln, damit ihr nicht 6 Seiten pro S\u00e4nger kopieren m\u00fcsst.<br>&#8211; Empfehlen m\u00f6chte ich auch alle Lieder und Kantaten von <a href=\"https:\/\/saitenspieldienst.de\/\">Michael Wittig<\/a>. Dort sind viele sch\u00f6ne Chors\u00e4tze drin, die wir frei nutzen k\u00f6nnen!<br>&#8211; Ich verweise weiterhin auf die CCLI-Noten. Da gibt es sehr viele Chors\u00e4tze, die Lizenzen m\u00fcsstet ihr als Gemeinde bereits haben.- Ansonsten empfehle ich eine Recherche bei <a rel=\"noreferrer noopener\" href=\"https:\/\/www.gerth.de\/index.php?id=195&amp;filterCategory=Chor%20%26%20Gemeinde\" target=\"_blank\">Gerth<\/a> und <a rel=\"noreferrer noopener\" href=\"https:\/\/www.scm-shop.de\/musik\/noten\/ansicht\/satz_variante-gemischter_chor.html?dir=asc&amp;order=name#resultproductlist\" target=\"_blank\">H\u00e4nssler<\/a> und auch beim <a href=\"http:\/\/www.esbnetzwerk.de\/shop\/\">Evangelischen S\u00e4ngerbund<\/a>.<br><br>Nun stellt sich manchen sicher die Frage nach der <strong>Unkosten<\/strong>deckung. Ihr k\u00f6nnt einfach eine Sammlung im Chor machen oder das Geld aus der Chorkasse nehmen und somit die Unkosten decken. Wenn Schwierigkeiten bei der Finanzierung der Notenk\u00e4ufe entstehen, k\u00f6nnt ihr euch auch an den Landesverband wenden.<\/p>\n\n\n\n<p>Wenn wir gerade bei den Finanzen sind, noch ein W\u00f6rtchen zum <strong>Chorbeitrag<\/strong>. Der betr\u00e4gt pro Nase nur noch 5\u20ac im Jahr und ist bestimmt f\u00fcr die musikalischen Aufgaben im Landesverband. Demn\u00e4chst steht z.B. die Landeskonferenz an, daf\u00fcr wird eine Honorarkraft den Jugendchor leiten. Weitere Zwecke sind auch die Unterst\u00fctzung von Seminaren und Freizeiten durch den Landesverband.<\/p>\n\n\n\n<p>Um die <strong>Daten <\/strong>zu den Ch\u00f6ren einigerma\u00dfen aktuell zu halten, bitte ich euch um eine R\u00fcckmeldung:- im Falle der \u00c4nderung von Adressen\/ Telefonnummern- Probentage, Zeiten- Anzahl S\u00e4nger (S\/A\/T\/B)Letzteres ist besonders wichtig, um den Bedarf der Unterst\u00fctzung aller ehrenamtlichen S\u00e4nger und Chorleiter mit Zahlen zu belegen.<\/p>\n\n\n\n<p>Warum wir in diesem Jahr die &#8222;<strong>Schmalspur-Variante<\/strong>&#8220; fahren, m\u00f6chte ich euch kurz begr\u00fcnden: &#8211; Thomas wird die Leitung der Musikschule Rodewisch \u00fcbernehmen. Er bleibt aber dem SGV weiterhin als freier Mitarbeiter mit einem Stundenumfang von 20% erhalten.<br>&#8211; Ich bin beruflich und in meiner Gemeinde vor Ort sehr stark eingebunden. Deswegen hatte ich keine Zeit, Chorarrangements zu schreiben.- Durch famili\u00e4re Ver\u00e4nderungen, werde ich mich stark zur\u00fcck nehmen. Wir erwarten im Mai Nachwuchs \ud83d\ude42<br>Thomas und ich stehen euch weiterhin als Ansprechpartner zur Verf\u00fcgung!<\/p>\n\n\n\n<p><strong>Wie geht es weiter?<\/strong> Das haben sich auch die hauptamtlichen Musiker des Gemeinschaftsverbands gefragt. Der Wunsch, einen weiteren Musikreferenten einzustellen, ist noch nicht vom Tisch. Es gab im November ein Treffen mit Reinhard Steeger und Dr. Michel, sowie den Hauptamtlichen und meiner Wenigkeit. Wir sprachen \u00fcber Perspektiven und Visionen der musikalischen Arbeit im SGV. Demn\u00e4chst werden wir (Hauptamtliche&nbsp;+ ich) diese konkret formulieren und an den Vorstand weiterleiten. Es bleibt ein offenes Ende und wir wollen die Hoffnung nicht aufgeben.Betet, dass sich im Falle einer Stellenausschreibung ein geeigneter Kandidat findet. Das war bisher meist der limitierende Faktor.<\/p>\n\n\n\n<p>Ich m\u00f6chte euch ermutigen, miteinander in den Austausch zu treten und aus der Not eine Tugend zu machen.<br>F\u00fcr euren Dienst w\u00fcnsche ich euch viel Kreativit\u00e4t, vor allem Kraft und ganz viel Freude. Der Herr segne euch dazu!<br>Vielleicht sehen wir uns noch zur Landeskonferenz am 17. Mai in Zwickau. Bis bald!<\/p>\n\n\n\n<p>Liebe Gr\u00fc\u00dfe,eure Friederike<\/p>\n","protected":false},"excerpt":{"rendered":"<p>Liebe Chorleiter,zun\u00e4chst m\u00f6chte ich euch gr\u00fc\u00dfen mit der Jahreslosung: &#8222;Ich glaube, hilf meinem Unglauben&#8220;. Mk. 9,14Es gibt viele Entwicklungen, wo mir der Glaube im Hals stecken bleibt. Doch welch gro\u00dfe Ermutigung ist es, dass dies f\u00fcr Gott kein Hinderungsgrund ist, uns zu begegnen. In dieser Begegnung mit ihm erquickt er uns und beschenkt uns mit [&hellip;]<\/p>\n","protected":false},"author":178,"featured_media":0,"parent":21,"menu_order":0,"comment_status":"closed","ping_status":"closed","template":"","meta":[],"_links":{"self":[{"href":"https:\/\/www.chorseite.de\/index.php?rest_route=\/wp\/v2\/pages\/588"}],"collection":[{"href":"https:\/\/www.chorseite.de\/index.php?rest_route=\/wp\/v2\/pages"}],"about":[{"href":"https:\/\/www.chorseite.de\/index.php?rest_route=\/wp\/v2\/types\/page"}],"author":[{"embeddable":true,"href":"https:\/\/www.chorseite.de\/index.php?rest_route=\/wp\/v2\/users\/178"}],"replies":[{"embeddable":true,"href":"https:\/\/www.chorseite.de\/index.php?rest_route=%2Fwp%2Fv2%2Fcomments&post=588"}],"version-history":[{"count":2,"href":"https:\/\/www.chorseite.de\/index.php?rest_route=\/wp\/v2\/pages\/588\/revisions"}],"predecessor-version":[{"id":595,"href":"https:\/\/www.chorseite.de\/index.php?rest_route=\/wp\/v2\/pages\/588\/revisions\/595"}],"up":[{"embeddable":true,"href":"https:\/\/www.chorseite.de\/index.php?rest_route=\/wp\/v2\/pages\/21"}],"wp:attachment":[{"href":"https:\/\/www.chorseite.de\/index.php?rest_route=%2Fwp%2Fv2%2Fmedia&parent=588"}],"curies":[{"name":"wp","href":"https:\/\/api.w.org\/{rel}","templated":true}]}}