{"id":37,"date":"2013-01-28T22:00:15","date_gmt":"2013-01-28T21:00:15","guid":{"rendered":"http:\/\/chorseite.de\/wordpress2\/?page_id=37"},"modified":"2018-02-02T21:56:48","modified_gmt":"2018-02-02T20:56:48","slug":"startseite","status":"publish","type":"page","link":"https:\/\/www.chorseite.de\/","title":{"rendered":"Herzlich Willkommen!"},"content":{"rendered":"<p><span style=\"font-size: 16px;\">&#8230;auf der &#8222;Chorseite&#8220; des S\u00e4chsischen Gesangsdienstes.<\/span><\/p>\n<p><em>Im horizontalen Men\u00fc oben k\u00f6nnen die einzelnen Punkte gew\u00e4hlt werden.<\/em><\/p>\n<p>&nbsp;<\/p>\n","protected":false},"excerpt":{"rendered":"<p>&#8230;auf der &#8222;Chorseite&#8220; des S\u00e4chsischen Gesangsdienstes. Im horizontalen Men\u00fc oben k\u00f6nnen die einzelnen Punkte gew\u00e4hlt werden. &nbsp;<\/p>\n","protected":false},"author":1,"featured_media":0,"parent":0,"menu_order":0,"comment_status":"closed","ping_status":"closed","template":"","meta":[],"_links":{"self":[{"href":"https:\/\/www.chorseite.de\/index.php?rest_route=\/wp\/v2\/pages\/37"}],"collection":[{"href":"https:\/\/www.chorseite.de\/index.php?rest_route=\/wp\/v2\/pages"}],"about":[{"href":"https:\/\/www.chorseite.de\/index.php?rest_route=\/wp\/v2\/types\/page"}],"author":[{"embeddable":true,"href":"https:\/\/www.chorseite.de\/index.php?rest_route=\/wp\/v2\/users\/1"}],"replies":[{"embeddable":true,"href":"https:\/\/www.chorseite.de\/index.php?rest_route=%2Fwp%2Fv2%2Fcomments&post=37"}],"version-history":[{"count":31,"href":"https:\/\/www.chorseite.de\/index.php?rest_route=\/wp\/v2\/pages\/37\/revisions"}],"predecessor-version":[{"id":550,"href":"https:\/\/www.chorseite.de\/index.php?rest_route=\/wp\/v2\/pages\/37\/revisions\/550"}],"wp:attachment":[{"href":"https:\/\/www.chorseite.de\/index.php?rest_route=%2Fwp%2Fv2%2Fmedia&parent=37"}],"curies":[{"name":"wp","href":"https:\/\/api.w.org\/{rel}","templated":true}]}}